{"id":706,"date":"2022-11-12T10:46:46","date_gmt":"2022-11-12T10:46:46","guid":{"rendered":"http:\/\/bebaforst.ch\/bebaForstWordpress\/?page_id=706"},"modified":"2022-12-18T10:34:40","modified_gmt":"2022-12-18T10:34:40","slug":"transporte","status":"publish","type":"page","link":"https:\/\/bebaforst.ch\/bebaForstWordpress\/services\/transporte\/","title":{"rendered":"Transporte"},"content":{"rendered":"\t\t<div data-elementor-type=\"wp-post\" data-elementor-id=\"706\" class=\"elementor elementor-706\">\n\t\t\t\t\t\t<section class=\"elementor-section elementor-top-section elementor-element elementor-element-33a79095 elementor-section-boxed elementor-section-height-default elementor-section-height-default\" data-id=\"33a79095\" data-element_type=\"section\" data-e-type=\"section\" data-settings=\"{&quot;background_background&quot;:&quot;classic&quot;}\">\n\t\t\t\t\t\t\t<div class=\"elementor-background-overlay\"><\/div>\n\t\t\t\t\t\t\t<div class=\"elementor-container elementor-column-gap-default\">\n\t\t\t\t\t<div class=\"elementor-column elementor-col-100 elementor-top-column elementor-element elementor-element-3706530d\" data-id=\"3706530d\" data-element_type=\"column\" data-e-type=\"column\">\n\t\t\t<div class=\"elementor-widget-wrap elementor-element-populated\">\n\t\t\t\t\t\t<div class=\"elementor-element elementor-element-537de1f elementor-widget elementor-widget-heading\" data-id=\"537de1f\" data-element_type=\"widget\" data-e-type=\"widget\" data-widget_type=\"heading.default\">\n\t\t\t\t<div class=\"elementor-widget-container\">\n\t\t\t\t\t<h1 class=\"elementor-heading-title elementor-size-default\">Transporte<\/h1>\t\t\t\t<\/div>\n\t\t\t\t<\/div>\n\t\t\t\t\t<\/div>\n\t\t<\/div>\n\t\t\t\t\t<\/div>\n\t\t<\/section>\n\t\t\t\t<section class=\"elementor-section elementor-top-section elementor-element elementor-element-5999602 elementor-section-boxed elementor-section-height-default elementor-section-height-default\" data-id=\"5999602\" data-element_type=\"section\" data-e-type=\"section\" data-settings=\"{&quot;background_background&quot;:&quot;classic&quot;}\">\n\t\t\t\t\t\t<div class=\"elementor-container elementor-column-gap-default\">\n\t\t\t\t\t<div class=\"elementor-column elementor-col-50 elementor-top-column elementor-element elementor-element-7a529e9\" data-id=\"7a529e9\" data-element_type=\"column\" data-e-type=\"column\">\n\t\t\t<div class=\"elementor-widget-wrap elementor-element-populated\">\n\t\t\t\t\t\t<div class=\"elementor-element elementor-element-5a5731a elementor-widget elementor-widget-heading\" data-id=\"5a5731a\" data-element_type=\"widget\" data-e-type=\"widget\" data-widget_type=\"heading.default\">\n\t\t\t\t<div class=\"elementor-widget-container\">\n\t\t\t\t\t<h2 class=\"elementor-heading-title elementor-size-default\">Einsatzgebiet<\/h2>\t\t\t\t<\/div>\n\t\t\t\t<\/div>\n\t\t\t\t<div class=\"elementor-element elementor-element-af9a696 elementor-widget-divider--view-line elementor-widget elementor-widget-divider\" data-id=\"af9a696\" data-element_type=\"widget\" data-e-type=\"widget\" data-widget_type=\"divider.default\">\n\t\t\t\t<div class=\"elementor-widget-container\">\n\t\t\t\t\t\t\t<div class=\"elementor-divider\">\n\t\t\t<span class=\"elementor-divider-separator\">\n\t\t\t\t\t\t<\/span>\n\t\t<\/div>\n\t\t\t\t\t\t<\/div>\n\t\t\t\t<\/div>\n\t\t\t\t<div class=\"elementor-element elementor-element-4b56361 elementor-widget elementor-widget-text-editor\" data-id=\"4b56361\" data-element_type=\"widget\" data-e-type=\"widget\" data-widget_type=\"text-editor.default\">\n\t\t\t\t<div class=\"elementor-widget-container\">\n\t\t\t\t\t\t\t\t\t<p><span style=\"font-weight: 400;\">Unser Tatra Phoenix 6&#215;6 ist durch sein Fahrwerk in Kombination mit Forstreifen auf gut und schlechter befahrbaren Wegen sicher unterwegs. Dank zwei gelenkten Achsen ist die Maschine sehr wendig.<\/span><\/p><p><span style=\"font-weight: 400;\">Wir brauchen den Tatra f\u00fcr die Transporte von Maschinen und unseren Seilkr\u00e4nen.\u00a0<\/span><\/p><p><span style=\"font-weight: 400;\">Ebenfalls sind wir durch die Ladefl\u00e4che und dem aufgebauten Kran in der Lage, den Vor- und Abtransport von Holz auszuf\u00fchren. Dies kann n\u00f6tig werden, falls die Strasse nicht mit Anh\u00e4ngerzug befahrbar ist, oder die Lagerkapazit\u00e4ten vor Ort ersch\u00f6pft sind.<\/span><\/p><p><span style=\"font-weight: 400;\">Meistens ist er in Kombination mit dem Mecalac Bagger und dem Raupentransporter im Einsatz zu sehen. (Siehe Teilmechanisierte Holzernte)<\/span><\/p>\t\t\t\t\t\t\t\t<\/div>\n\t\t\t\t<\/div>\n\t\t\t\t\t<\/div>\n\t\t<\/div>\n\t\t\t\t<div class=\"elementor-column elementor-col-50 elementor-top-column elementor-element elementor-element-991a6c0\" data-id=\"991a6c0\" data-element_type=\"column\" data-e-type=\"column\">\n\t\t\t<div class=\"elementor-widget-wrap elementor-element-populated\">\n\t\t\t\t\t\t<div class=\"elementor-element elementor-element-d304b5d elementor-widget elementor-widget-image\" data-id=\"d304b5d\" data-element_type=\"widget\" data-e-type=\"widget\" data-widget_type=\"image.default\">\n\t\t\t\t<div class=\"elementor-widget-container\">\n\t\t\t\t\t\t\t\t\t\t\t\t\t\t\t<img fetchpriority=\"high\" decoding=\"async\" width=\"1024\" height=\"576\" src=\"https:\/\/bebaforst.ch\/bebaForstWordpress\/wp-content\/uploads\/2022\/11\/IMG_20200905_155637_559-1.jpg\" class=\"attachment-large size-large wp-image-1006\" alt=\"\" \/>\t\t\t\t\t\t\t\t\t\t\t\t\t\t\t<\/div>\n\t\t\t\t<\/div>\n\t\t\t\t\t<\/div>\n\t\t<\/div>\n\t\t\t\t\t<\/div>\n\t\t<\/section>\n\t\t\t\t<\/div>\n\t\t","protected":false},"excerpt":{"rendered":"<p>Transporte Einsatzgebiet Unser Tatra Phoenix 6&#215;6 ist durch sein Fahrwerk in Kombination mit Forstreifen auf gut und schlechter befahrbaren Wegen sicher unterwegs. Dank zwei gelenkten Achsen ist die Maschine sehr wendig. Wir brauchen den Tatra f\u00fcr die Transporte von Maschinen und unseren Seilkr\u00e4nen.\u00a0 Ebenfalls sind wir durch die Ladefl\u00e4che und dem aufgebauten Kran in der [&hellip;]<\/p>\n","protected":false},"author":2,"featured_media":0,"parent":6,"menu_order":0,"comment_status":"closed","ping_status":"closed","template":"","meta":{"site-sidebar-layout":"no-sidebar","site-content-layout":"page-builder","ast-site-content-layout":"default","site-content-style":"default","site-sidebar-style":"default","ast-global-header-display":"","ast-banner-title-visibility":"","ast-main-header-display":"","ast-hfb-above-header-display":"","ast-hfb-below-header-display":"","ast-hfb-mobile-header-display":"","site-post-title":"disabled","ast-breadcrumbs-content":"","ast-featured-img":"disabled","footer-sml-layout":"","ast-disable-related-posts":"","theme-transparent-header-meta":"enabled","adv-header-id-meta":"","stick-header-meta":"","header-above-stick-meta":"","header-main-stick-meta":"","header-below-stick-meta":"","astra-migrate-meta-layouts":"default","ast-page-background-enabled":"default","ast-page-background-meta":{"desktop":{"background-color":"","background-image":"","background-repeat":"repeat","background-position":"center center","background-size":"auto","background-attachment":"scroll","background-type":"","background-media":"","overlay-type":"","overlay-color":"","overlay-opacity":"","overlay-gradient":""},"tablet":{"background-color":"","background-image":"","background-repeat":"repeat","background-position":"center center","background-size":"auto","background-attachment":"scroll","background-type":"","background-media":"","overlay-type":"","overlay-color":"","overlay-opacity":"","overlay-gradient":""},"mobile":{"background-color":"","background-image":"","background-repeat":"repeat","background-position":"center center","background-size":"auto","background-attachment":"scroll","background-type":"","background-media":"","overlay-type":"","overlay-color":"","overlay-opacity":"","overlay-gradient":""}},"ast-content-background-meta":{"desktop":{"background-color":"var(--ast-global-color-5)","background-image":"","background-repeat":"repeat","background-position":"center center","background-size":"auto","background-attachment":"scroll","background-type":"","background-media":"","overlay-type":"","overlay-color":"","overlay-opacity":"","overlay-gradient":""},"tablet":{"background-color":"var(--ast-global-color-5)","background-image":"","background-repeat":"repeat","background-position":"center center","background-size":"auto","background-attachment":"scroll","background-type":"","background-media":"","overlay-type":"","overlay-color":"","overlay-opacity":"","overlay-gradient":""},"mobile":{"background-color":"var(--ast-global-color-5)","background-image":"","background-repeat":"repeat","background-position":"center center","background-size":"auto","background-attachment":"scroll","background-type":"","background-media":"","overlay-type":"","overlay-color":"","overlay-opacity":"","overlay-gradient":""}},"footnotes":""},"class_list":["post-706","page","type-page","status-publish","hentry"],"_links":{"self":[{"href":"https:\/\/bebaforst.ch\/bebaForstWordpress\/wp-json\/wp\/v2\/pages\/706","targetHints":{"allow":["GET"]}}],"collection":[{"href":"https:\/\/bebaforst.ch\/bebaForstWordpress\/wp-json\/wp\/v2\/pages"}],"about":[{"href":"https:\/\/bebaforst.ch\/bebaForstWordpress\/wp-json\/wp\/v2\/types\/page"}],"author":[{"embeddable":true,"href":"https:\/\/bebaforst.ch\/bebaForstWordpress\/wp-json\/wp\/v2\/users\/2"}],"replies":[{"embeddable":true,"href":"https:\/\/bebaforst.ch\/bebaForstWordpress\/wp-json\/wp\/v2\/comments?post=706"}],"version-history":[{"count":10,"href":"https:\/\/bebaforst.ch\/bebaForstWordpress\/wp-json\/wp\/v2\/pages\/706\/revisions"}],"predecessor-version":[{"id":1295,"href":"https:\/\/bebaforst.ch\/bebaForstWordpress\/wp-json\/wp\/v2\/pages\/706\/revisions\/1295"}],"up":[{"embeddable":true,"href":"https:\/\/bebaforst.ch\/bebaForstWordpress\/wp-json\/wp\/v2\/pages\/6"}],"wp:attachment":[{"href":"https:\/\/bebaforst.ch\/bebaForstWordpress\/wp-json\/wp\/v2\/media?parent=706"}],"curies":[{"name":"wp","href":"https:\/\/api.w.org\/{rel}","templated":true}]}}